{"id":123,"date":"2021-02-09T08:56:02","date_gmt":"2021-02-09T06:56:02","guid":{"rendered":"https:\/\/adeal.datalatu.fi\/?page_id=123"},"modified":"2021-04-23T15:19:12","modified_gmt":"2021-04-23T12:19:12","slug":"sokerointi","status":"publish","type":"page","link":"https:\/\/adeal.fi\/?page_id=123","title":{"rendered":"Sokerointi"},"content":{"rendered":"\n\n\t<p>Sokerointi on tehokas karvanpoistomenetelm\u00e4, joka samalla kuorii ihon silkinpehme\u00e4ksi.<\/p>\n<p>Sokeritahna on tehty 100 % luonnollisista ainesosista sokerista, vedest\u00e4, arabikumista ja sitruunamehusta.<\/p>\n<p>Hoitolassa on k\u00e4yt\u00f6ss\u00e4 maailmanlaajuisesti tunnetut Alexandria Professional\u00ae &#8211; sek\u00e4 suomalainen Skandinavian Skin Candy\u00ae -sokerointituotteet.<\/p>\n<p>Sokerointipalveluun kuuluu sokeroitavan alueen puhdistus ja desinfiointi, karvanpoisto sokerointitekniikalla valitulta alueelta sek\u00e4 hoitovoiteen tai -suihkeen.<\/p>\n<p>Hoitolassa on varattu sokerointipalveluihin runsaasti aikaa parhaimman lopputuloksen saamiseksi.<\/p>\n<h3><em>Sokerointiin saapuminen:<\/em><\/h3>\n<p>Saavu sokerointiin puhdistetulla iholla. Iholla ei tulisi olla voiteita tai \u00f6ljyj\u00e4.<\/p>\n<p>Ihon tulee olla terve. Rikkoutuneen tai auringonpolttaman ihon tulee antaa parantua kokonaan ennen sokerointia.<\/p>\n<p>Hyv\u00e4n lopputuloksen saavuttamiseksi on suositeltavaa antaa karvojen kasvaa v\u00e4hint\u00e4\u00e4n 2 viikkoa ennen k\u00e4sittely\u00e4, noin 3-5 mm. Silloin saadaan parhaiten poistettua eri kasvuvaiheissa olevia karvoja.<\/p>\n<p>Ennen brasilialaissokerointia olisi hyv\u00e4 pest\u00e4 intiimialue \u00f6ljytt\u00f6m\u00e4ll\u00e4 puhdistustuotteella sek\u00e4 laittaa puhtaat alusvaatteet. Jos tulet suoraan esimerkiksi t\u00f6ist\u00e4, ei h\u00e4t\u00e4\u00e4! Voit suorittaa intiimialueen pesun hoitolassa tarjoamillamme puhdistustuotteilla.<\/p>\n<p>V\u00e4lt\u00e4 itseruskettavan\/suihkurusketuksen k\u00e4ytt\u00f6\u00e4 48 h ennen sokerointia.<\/p>\n<h3><em>Sokeroinnin j\u00e4lkeen:<\/em><\/h3>\n<p>Iho saattaa punoittaa hieman sokeroinnin j\u00e4lkeen. T\u00e4m\u00e4 on t\u00e4ysin normaalia ja punoitus h\u00e4vi\u00e4\u00e4 muutamissa tunneissa.<\/p>\n<p>Huolehdi ihosi riitt\u00e4v\u00e4st\u00e4 kosteutuksesta. Lis\u00e4ksi s\u00e4\u00e4nn\u00f6llinen kuorinta ehk\u00e4isee karvojen sis\u00e4\u00e4np\u00e4in kasvua.<\/p>\n<p>V\u00e4lt\u00e4 hikoilua, aurinkoa, solariumia, hajuvesi\u00e4, deodorantteja ja itseruskettavia tuotteita seuraavan 24 tunnin aikana sokeroinnista.<\/p>\n\t\t\t\t<img decoding=\"async\" src=\"https:\/\/adeal.datalatu.fi\/wp-content\/uploads\/2021\/02\/Alexandria-Pro-Logo.png\" alt=\"Alexandria-Pro-Logo\" itemprop=\"image\" title=\"Alexandria-Pro-Logo\" onerror=\"this.style.display='none'\"  \/>\n\n","protected":false},"excerpt":{"rendered":"<p>Sokerointi on tehokas karvanpoistomenetelm\u00e4, joka samalla kuorii ihon silkinpehme\u00e4ksi. Sokeritahna on tehty 100 % luonnollisista ainesosista sokerista, vedest\u00e4, arabikumista ja sitruunamehusta. Hoitolassa on k\u00e4yt\u00f6ss\u00e4 maailmanlaajuisesti tunnetut Alexandria Professional\u00ae &#8211; sek\u00e4 suomalainen Skandinavian Skin Candy\u00ae -sokerointituotteet. Sokerointipalveluun kuuluu sokeroitavan alueen puhdistus ja desinfiointi, karvanpoisto sokerointitekniikalla valitulta alueelta sek\u00e4 hoitovoiteen tai -suihkeen. Hoitolassa on varattu sokerointipalveluihin runsaasti &hellip; <\/p>\n","protected":false},"author":2,"featured_media":0,"parent":0,"menu_order":0,"comment_status":"closed","ping_status":"closed","template":"","meta":{"footnotes":""},"class_list":["post-123","page","type-page","status-publish","hentry"],"_links":{"self":[{"href":"https:\/\/adeal.fi\/index.php?rest_route=\/wp\/v2\/pages\/123","targetHints":{"allow":["GET"]}}],"collection":[{"href":"https:\/\/adeal.fi\/index.php?rest_route=\/wp\/v2\/pages"}],"about":[{"href":"https:\/\/adeal.fi\/index.php?rest_route=\/wp\/v2\/types\/page"}],"author":[{"embeddable":true,"href":"https:\/\/adeal.fi\/index.php?rest_route=\/wp\/v2\/users\/2"}],"replies":[{"embeddable":true,"href":"https:\/\/adeal.fi\/index.php?rest_route=%2Fwp%2Fv2%2Fcomments&post=123"}],"version-history":[{"count":30,"href":"https:\/\/adeal.fi\/index.php?rest_route=\/wp\/v2\/pages\/123\/revisions"}],"predecessor-version":[{"id":340,"href":"https:\/\/adeal.fi\/index.php?rest_route=\/wp\/v2\/pages\/123\/revisions\/340"}],"wp:attachment":[{"href":"https:\/\/adeal.fi\/index.php?rest_route=%2Fwp%2Fv2%2Fmedia&parent=123"}],"curies":[{"name":"wp","href":"https:\/\/api.w.org\/{rel}","templated":true}]}}