{"id":223,"date":"2021-02-23T13:04:20","date_gmt":"2021-02-23T11:04:20","guid":{"rendered":"https:\/\/adeal.datalatu.fi\/?page_id=223"},"modified":"2023-05-14T13:12:54","modified_gmt":"2023-05-14T10:12:54","slug":"jalat","status":"publish","type":"page","link":"https:\/\/adeal.fi\/?page_id=223","title":{"rendered":"Jalkahoidot"},"content":{"rendered":"\n<h2>\n\t\tT\u00e4ydellinen jalkahoito 120 min \/ 62 \u20ac\n\t<\/h2>\n\t<p>Ylellinen jalkahoitokokonaisuus sis\u00e4lt\u00e4\u00e4 raikastavan jalkakylvyn sek\u00e4 hell\u00e4varaisen kuorinnan jaloille. Mahdollisten kovettumien poiston. Kynsien leikkaamisen ja kynsinauhojen siistimisen. Kosteuttavan jalkanaamion sek\u00e4 hemmottelevan jalkahieronnan polveen asti. <strong>Varpaankynnet viimeistell\u00e4\u00e4n hoitolasta valitulla kynsilakalla, jonka saa hoidon p\u00e4\u00e4tteeksi mukaan.<\/strong><\/p>\n<h2>\n\t\tT\u00e4ydellinen jalkahoito asiakkaan omalla\u00a0lakalla 120 min \/ 59 \u20ac\n\t<\/h2>\n\t<p>Ylellinen jalkahoitokokonaisuus sis\u00e4lt\u00e4\u00e4 raikastavan jalkakylvyn sek\u00e4 hell\u00e4varaisen kuorinnan jaloille. Mahdollisten kovettumien poiston. Kynsien leikkaamisen ja kynsinauhojen siistimisen. Kosteuttavan jalkanaamion sek\u00e4 hemmottelevan jalkahieronnan polveen asti. <strong>Varpaankynnet viimeistell\u00e4\u00e4n asiakkaan omalla lakalla.<\/strong><\/p>\n<h2>\n\t\tPerus jalkahoito 75 min \/ 48 \u20ac\n\t<\/h2>\n\t<p>Jokaiselle sopiva perusteellinen jalkahoitokokonaisuus. Hoidossa voidaan k\u00e4sitell\u00e4 asiakkaan tunnistamia ihon sek\u00e4 kynsien ongelmakohtia kuten kovettumia, paksuuntuneita kynsi\u00e4 yms.<\/p>\n<h2>\n\t\tJalkahieronta 30 min \/ 27 \u20ac\n\t<\/h2>\n\t<p>Jalkapohjille ja pohkeille teht\u00e4v\u00e4 hieronta poistaa lihasj\u00e4nnityksi\u00e4 ja virkist\u00e4\u00e4 jalkojasi.<\/p>\n<h2>\n\t\tKynsien leikkaus 45 min \/ 33 \u20ac\n\t<\/h2>\n\t<p>Sis\u00e4lt\u00e4\u00e4 jalkakylvyn, kynsien leikkaamisen ja tasoittamisen, sek\u00e4 tarvittaessa ohentamisen. Kynsinauhat siistit\u00e4\u00e4n ja lopuksi hoitovoiteen levitys.<\/p>\n\t\t\t\t<img loading=\"lazy\" decoding=\"async\" src=\"https:\/\/adeal.fi\/wp-content\/uploads\/2021\/02\/footlogix.jpeg\" alt=\"footlogix\" itemprop=\"image\" height=\"233\" width=\"500\" title=\"footlogix\" onerror=\"this.style.display='none'\"  \/>\n\t<p>Jalkahoidoissa k\u00e4ytet\u00e4\u00e4n Footlogix\u00ae ja PediBaehr\u00ae -jalkojenhoitosarjojen tuotteita, joiden ainutlaatuiset raaka-aineet takaavat loistavan lopputuloksen. K\u00e4yt\u00f6ss\u00e4 on lis\u00e4ksi Callusan\u00ae -tuotesarjan vaahtovoiteita. <\/p>\n<p>Jalkahoito toteutetaan asiakkaan tarpeiden ja toiveiden mukaisesti. Esimerkiksi lakkauksen voi vaihtaa pidennettyyn hierontaan &#8211; vaihtoehtoja hoidon toteuttamiseksi on runsaasti.<\/p>\n\n","protected":false},"excerpt":{"rendered":"<p>T\u00e4ydellinen jalkahoito 120 min \/ 62 \u20ac Ylellinen jalkahoitokokonaisuus sis\u00e4lt\u00e4\u00e4 raikastavan jalkakylvyn sek\u00e4 hell\u00e4varaisen kuorinnan jaloille. Mahdollisten kovettumien poiston. Kynsien leikkaamisen ja kynsinauhojen siistimisen. Kosteuttavan jalkanaamion sek\u00e4 hemmottelevan jalkahieronnan polveen asti. Varpaankynnet viimeistell\u00e4\u00e4n hoitolasta valitulla kynsilakalla, jonka saa hoidon p\u00e4\u00e4tteeksi mukaan. T\u00e4ydellinen jalkahoito asiakkaan omalla\u00a0lakalla 120 min \/ 59 \u20ac Ylellinen jalkahoitokokonaisuus sis\u00e4lt\u00e4\u00e4 raikastavan jalkakylvyn &hellip; <\/p>\n","protected":false},"author":2,"featured_media":0,"parent":0,"menu_order":0,"comment_status":"closed","ping_status":"closed","template":"","meta":{"footnotes":""},"class_list":["post-223","page","type-page","status-publish","hentry"],"_links":{"self":[{"href":"https:\/\/adeal.fi\/index.php?rest_route=\/wp\/v2\/pages\/223","targetHints":{"allow":["GET"]}}],"collection":[{"href":"https:\/\/adeal.fi\/index.php?rest_route=\/wp\/v2\/pages"}],"about":[{"href":"https:\/\/adeal.fi\/index.php?rest_route=\/wp\/v2\/types\/page"}],"author":[{"embeddable":true,"href":"https:\/\/adeal.fi\/index.php?rest_route=\/wp\/v2\/users\/2"}],"replies":[{"embeddable":true,"href":"https:\/\/adeal.fi\/index.php?rest_route=%2Fwp%2Fv2%2Fcomments&post=223"}],"version-history":[{"count":56,"href":"https:\/\/adeal.fi\/index.php?rest_route=\/wp\/v2\/pages\/223\/revisions"}],"predecessor-version":[{"id":648,"href":"https:\/\/adeal.fi\/index.php?rest_route=\/wp\/v2\/pages\/223\/revisions\/648"}],"wp:attachment":[{"href":"https:\/\/adeal.fi\/index.php?rest_route=%2Fwp%2Fv2%2Fmedia&parent=223"}],"curies":[{"name":"wp","href":"https:\/\/api.w.org\/{rel}","templated":true}]}}