{"id":271,"date":"2021-03-02T21:24:45","date_gmt":"2021-03-02T19:24:45","guid":{"rendered":"https:\/\/adeal.datalatu.fi\/?page_id=271"},"modified":"2022-07-14T13:57:17","modified_gmt":"2022-07-14T10:57:17","slug":"vartalo","status":"publish","type":"page","link":"https:\/\/adeal.fi\/?page_id=271","title":{"rendered":"Vartalohoidot"},"content":{"rendered":"\n<h2>\n\t\tKlassinen hieronta 60 min \/ 38 \u20ac\n\t<\/h2>\n\t<p>Klassiset hierontaotteet poistavat lihasj\u00e4nnityst\u00e4 ja rentouttavat lihaksia. Hoito aloitetaan kuivaharjauksella, joka aktivoi pintaverenkiertoa ja kirkastaa ihoa. Hieronnassa voidaan k\u00e4sitell\u00e4 haluttuja alueita (niska- ja hartiaseutu, selk\u00e4, k\u00e4det, pohkeet) ajan puitteissa.<\/p>\n<h2>\n\t\tKlassinen hieronta 45 min\u00a0\/ 31 \u20ac\n\t<\/h2>\n\t<p>Klassiset hierontaotteet poistavat lihasj\u00e4nnityst\u00e4 ja rentouttavat lihaksia. Hoito aloitetaan kuivaharjauksella, joka aktivoi pintaverenkiertoa ja kirkastaa ihoa. Hieronnassa voidaan k\u00e4sitell\u00e4 haluttuja alueita (niska- ja hartiaseutu, selk\u00e4, k\u00e4det, pohkeet) ajan puitteissa.<\/p>\n<h2>\n\t\tIntialainen p\u00e4\u00e4hieronta 45 min \/ 31 \u20ac\n\t<\/h2>\n\t<p>Rentouttava p\u00e4\u00e4- ,\u00a0 niska- ja hartia-alueen hieronta vilkastuttaa verenkiertoa poistaen lihasj\u00e4nnityst\u00e4. Hoidossa ollaan makuuasennossa, jotta voit rentoutua t\u00e4ysin. Voidaan tehd\u00e4 \u00f6ljyill\u00e4 tai ilman.<\/p>\n\t<h2>Intialainen p\u00e4\u00e4hieronta 30 min \/ 25 \u20ac<\/h2>\n\t<p>Rentouttava p\u00e4\u00e4- ,\u00a0 niska- ja hartia-alueen hieronta vilkastuttaa verenkiertoa poistaen lihasj\u00e4nnityst\u00e4. Hoidossa ollaan makuuasennossa, jotta voit rentoutua t\u00e4ysin. Voidaan tehd\u00e4 \u00f6ljyill\u00e4 tai ilman.<\/p>\n\n\n","protected":false},"excerpt":{"rendered":"<p>Klassinen hieronta 60 min \/ 38 \u20ac Klassiset hierontaotteet poistavat lihasj\u00e4nnityst\u00e4 ja rentouttavat lihaksia. Hoito aloitetaan kuivaharjauksella, joka aktivoi pintaverenkiertoa ja kirkastaa ihoa. Hieronnassa voidaan k\u00e4sitell\u00e4 haluttuja alueita (niska- ja hartiaseutu, selk\u00e4, k\u00e4det, pohkeet) ajan puitteissa. Klassinen hieronta 45 min\u00a0\/ 31 \u20ac Klassiset hierontaotteet poistavat lihasj\u00e4nnityst\u00e4 ja rentouttavat lihaksia. Hoito aloitetaan kuivaharjauksella, joka aktivoi pintaverenkiertoa &hellip; <\/p>\n","protected":false},"author":2,"featured_media":0,"parent":0,"menu_order":0,"comment_status":"closed","ping_status":"closed","template":"","meta":{"footnotes":""},"class_list":["post-271","page","type-page","status-publish","hentry"],"_links":{"self":[{"href":"https:\/\/adeal.fi\/index.php?rest_route=\/wp\/v2\/pages\/271","targetHints":{"allow":["GET"]}}],"collection":[{"href":"https:\/\/adeal.fi\/index.php?rest_route=\/wp\/v2\/pages"}],"about":[{"href":"https:\/\/adeal.fi\/index.php?rest_route=\/wp\/v2\/types\/page"}],"author":[{"embeddable":true,"href":"https:\/\/adeal.fi\/index.php?rest_route=\/wp\/v2\/users\/2"}],"replies":[{"embeddable":true,"href":"https:\/\/adeal.fi\/index.php?rest_route=%2Fwp%2Fv2%2Fcomments&post=271"}],"version-history":[{"count":8,"href":"https:\/\/adeal.fi\/index.php?rest_route=\/wp\/v2\/pages\/271\/revisions"}],"predecessor-version":[{"id":597,"href":"https:\/\/adeal.fi\/index.php?rest_route=\/wp\/v2\/pages\/271\/revisions\/597"}],"wp:attachment":[{"href":"https:\/\/adeal.fi\/index.php?rest_route=%2Fwp%2Fv2%2Fmedia&parent=271"}],"curies":[{"name":"wp","href":"https:\/\/api.w.org\/{rel}","templated":true}]}}