{"id":657,"date":"2024-01-29T16:24:00","date_gmt":"2024-01-29T14:24:00","guid":{"rendered":"https:\/\/adeal.fi\/?page_id=657"},"modified":"2024-01-29T16:31:17","modified_gmt":"2024-01-29T14:31:17","slug":"maksutavat","status":"publish","type":"page","link":"https:\/\/adeal.fi\/?page_id=657","title":{"rendered":"Maksutavat"},"content":{"rendered":"\n\n\t<p>&nbsp;<\/p>\n<ul>\n<li>K\u00e4teinen<\/li>\n<li>Pankkikortti<\/li>\n<li>Edenred (Hieronta)<\/li>\n<li>E-passi (Hieronta)<\/li>\n<li>Smartum (Hieronta)<\/li>\n<\/ul>\n<p>Selvit\u00e4th\u00e4n etuk\u00e4teen henkil\u00f6st\u00f6etujesi kattavuuden, ota yhteytt\u00e4 tarvittaessa ty\u00f6nantajaasi.<\/p>\n<p>E-passi lounas-, liikunta-, kulttuuri-, ty\u00f6matka-, py\u00f6r\u00e4- tai ErgoSafe -edut <strong>eiv\u00e4t<\/strong> k\u00e4y maksutavoiksi.<\/p>\n<p>Edenred lounari-, virike-, ty\u00f6matka- tai hammashoitoedut <strong>eiv\u00e4t<\/strong> k\u00e4y maksutavoiksi.<\/p>\n\t\n\n","protected":false},"excerpt":{"rendered":"<p>&nbsp; K\u00e4teinen Pankkikortti Edenred (Hieronta) E-passi (Hieronta) Smartum (Hieronta) Selvit\u00e4th\u00e4n etuk\u00e4teen henkil\u00f6st\u00f6etujesi kattavuuden, ota yhteytt\u00e4 tarvittaessa ty\u00f6nantajaasi. E-passi lounas-, liikunta-, kulttuuri-, ty\u00f6matka-, py\u00f6r\u00e4- tai ErgoSafe -edut eiv\u00e4t k\u00e4y maksutavoiksi. Edenred lounari-, virike-, ty\u00f6matka- tai hammashoitoedut eiv\u00e4t k\u00e4y maksutavoiksi.<\/p>\n","protected":false},"author":2,"featured_media":0,"parent":0,"menu_order":0,"comment_status":"closed","ping_status":"closed","template":"","meta":{"footnotes":""},"class_list":["post-657","page","type-page","status-publish","hentry"],"_links":{"self":[{"href":"https:\/\/adeal.fi\/index.php?rest_route=\/wp\/v2\/pages\/657","targetHints":{"allow":["GET"]}}],"collection":[{"href":"https:\/\/adeal.fi\/index.php?rest_route=\/wp\/v2\/pages"}],"about":[{"href":"https:\/\/adeal.fi\/index.php?rest_route=\/wp\/v2\/types\/page"}],"author":[{"embeddable":true,"href":"https:\/\/adeal.fi\/index.php?rest_route=\/wp\/v2\/users\/2"}],"replies":[{"embeddable":true,"href":"https:\/\/adeal.fi\/index.php?rest_route=%2Fwp%2Fv2%2Fcomments&post=657"}],"version-history":[{"count":2,"href":"https:\/\/adeal.fi\/index.php?rest_route=\/wp\/v2\/pages\/657\/revisions"}],"predecessor-version":[{"id":663,"href":"https:\/\/adeal.fi\/index.php?rest_route=\/wp\/v2\/pages\/657\/revisions\/663"}],"wp:attachment":[{"href":"https:\/\/adeal.fi\/index.php?rest_route=%2Fwp%2Fv2%2Fmedia&parent=657"}],"curies":[{"name":"wp","href":"https:\/\/api.w.org\/{rel}","templated":true}]}}